{"id":90,"date":"2022-12-29T17:33:19","date_gmt":"2022-12-29T16:33:19","guid":{"rendered":"https:\/\/lucio.fabersoft.net\/?page_id=90"},"modified":"2022-12-30T15:41:57","modified_gmt":"2022-12-30T14:41:57","slug":"profilassi","status":"publish","type":"page","link":"https:\/\/lucio.fabersoft.net\/?page_id=90","title":{"rendered":"Profilassi"},"content":{"rendered":"\n<h2 class=\"wp-block-heading\">NEL CANE<\/h2>\n\n\n\n<p>Come proteggerlo da FILARIA, LEISHMANIA, PULCI E ZECCHE<\/p>\n\n\n\n<p>La stagione primaverile-estiva ci rallegra con le sue fantastiche giornate di sole e magnifiche fioriture; ma \u201cpurtroppo\u201d porta numerose insidie, per i nostri amici a quattro zampe.<br><br><strong>PREVENZIONE FILARIA<\/strong><br>La filariosi cardio-polmonare \u00e8 una malattia causata da un parassita chiamato Dirofilaria Immitis, che si trasmette da un cane all\u2019altro, con la puntura di una zanzara. E\u2019molto diffusa in tutto il Nord Italia, in particolare nella Pianura Padana.<br>Le infestazioni lievi non producono segni clinici evidenti.I sintomi clinici pi\u00f9 precoci sono rappresentati da intolleranza all\u2019esercizio fisico e tosse;<br>La malattia pu\u00f2 essere diagnostica dal veterinario tramite un test rapido ematico, da effettuare  annualmente o se non si \u00e8 certi di aver effettuato una buona profilassi.<br>La PREVENZIONE deve essere iniziata a partire da 6 settimane di vita, da marzo-aprile fino a novembre-dicembre, somministrando mensilmente un farmaco specifico o con un\u2019unica iniezione sottocutanea.<br><br><strong>PREVENZIONE LEISHMANIA<\/strong><br>La leishmaniosi \u00e8 una malattia infettiva e contagiosa, causata dal parassita Leishmania infantum, trasmesso dalla puntura di piccoli insetti simili a zanzare( flebotomi ).<br>In Italia sono generalmente pi\u00f9 attivi da maggio a ottobre. Le zone litoranee del centro e del sud sono le aree a maggiore rischio.<br>Negli ultimi dieci anni si \u00e8 registrato un aumento dell\u2019area di diffusione della malattia, ora presente con nuovi focolai, anche in molte aree del Nord Italia.<br>E&#8217; una malattia cronica, particolarmente grave, che provoca al cane danni progressivi.<br>Se vivi o sei stato con il tuo cane in una zona a rischio, chiedi al tuo veterinario il test di controllo. In 10 minuti e con un unico prelievo di sangue, avrai la certezza che il tuo cane sta bene.<br>E&#8217; una zoonosi (malattia che pu\u00f2 essere trasmessa dall\u2019animale all\u2019uomo).<br>La PREVENZIONE pu\u00f2 essere effettuata con vari sistemi, quali collari o pipette spot-on, in base a dove risiede il cane.<br><br><strong>PROFILLASSI CONTRO PULCI E ZECCHE<\/strong><br>Le pulci sono presenti tutto l\u2019anno, in quanto il freddo non le uccide e d\u2019inverno con i termosifoni accesi vivono benissimo negli angoletti remoti delle nostre case.<br>Le zecche d\u2019inverno non ci sono, ma la profilassi sul cane va fatta tutto l\u2019anno.<br>Ci sono parecchi prodotti da utilizzare e in diverse formulazioni: pipette spot-on, pastiglie o collari.<br><strong><em>ATTENZIONE: LE FORMULAZIONI PER CANI SONO TOSSICHE PER I GATTO<\/em><\/strong><\/p>\n\n\n\n<h2 class=\"wp-block-heading\">NEL GATTO<\/h2>\n\n\n\n<p>Per il primissimo periodo della sua vita, il tuo gattino \u00e8 protetto naturalmente dalle malattie grazie al latte materno, che gli fornisce non solo i nutrienti essenziali per sopravvivere e svilupparsi ma anche gli anticorpi necessari a difendersi da virus e batteri.<\/p>\n\n\n\n<p>A partire dalla settima settimana questo scudo comincia per\u00f2 a indebolirsi: da un lato, la quantit\u00e0 di latte prodotta dalla madre si riduce sensibilmente e, dall\u2019altro, il sistema immunitario del cucciolo non \u00e8 ancora abbastanza sviluppato per contrastare in modo efficace infezioni e malattie.<\/p>\n\n\n\n<p>\u00c8 a questo punto che devi sottoporre l\u2019animale al suo primo ciclo di vaccinazioni. Un gatto non vaccinato \u00e8 a rischio di contrarre pericolose malattie e infezioni. I vaccini per gatti rappresentano dunque un intervento cruciale per la sopravvivenza dell\u2019animale, anche se domestico, e per il quale devi rivolgerti al veterinario: il professionista ti indicher\u00e0 l&#8217;iter pi\u00f9 adatto e ti consegner\u00e0 anche il libretto delle vaccinazioni.<\/p>\n\n\n\n<p>Quest\u2019ultimo \u00e8 un documento che deve accompagnare il tuo gatto in tutti i suoi spostamenti, dalle visite veterinarie ai viaggi. La sua importanza, anche agli effetti di legge, \u00e8 dovuta al fatto che riporta una serie di fondamentali informazioni sanitarie: i trattamenti eseguiti (sverminazioni, antiparassitari, antibiotici e cos\u00ec via), gli eventuali interventi chirurgici sostenuti (sterilizzazioni e altro) e, soprattutto, le vaccinazioni a cui \u00e8 stato sottoposto, con le date per i richiami dei vaccini del gatto.<\/p>\n\n\n\n<p><strong>Quando vaccinare il gattino per la prima volta<\/strong><\/p>\n\n\n\n<p>Come si \u00e8 detto, il momento ideale per iniziare le vaccinazioni \u00e8 l\u2019inizio dello svezzamento, che cade indicativamente tra l\u2019ottava e la decima settimana di vita.<\/p>\n\n\n\n<p>Il veterinario visiter\u00e0 accuratamente il gattino e, in base alle sue abitudini, al suo habitat e alla diffusione locale delle patologie virali, ti consiglier\u00e0 le eventuali vaccinazioni facoltative a integrazione di quelle obbligatorie. Di solito il primo vaccino del gatto \u00e8 seguito da un richiamo da effettuare due o quattro settimane dopo. In seguito, le vaccinazioni diventano a cadenza annuale.<\/p>\n\n\n\n<p><strong>Vaccinazioni obbligatori<\/strong>e<\/p>\n\n\n\n<p>Le vaccinazioni obbligatorie sono tre e sono conosciute con il nome di \u201ctrivalente\u201d, poich\u00e9 proteggono da tre malattie facilmente trasmissibili e molto pericolose per il gatto: la rinotracheite (<em>herpesvirus&nbsp;<\/em>del gatto), la calicivirosi (<em>calicivirus&nbsp;<\/em>del gatto) e la panleucopenia (o gastroenterite virale), collettivamente note come RCP. Vediamole insieme nel dettaglio.<\/p>\n\n\n\n<p><strong>Rinotracheite felina<\/strong><\/p>\n\n\n\n<p>Il virus responsabile di questa malattia, l&#8217;<em>herpesvirus&nbsp;<\/em>del gatto o FHV-1, si trasmette con le secrezioni ed \u00e8 molto contagioso a causa dell\u2019abitudine tipicamente felina di annusarsi. Colpisce le vie respiratorie, ma soprattutto intacca in modo molto serio le difese immunitarie fino a provocare la leucemia. La malattia si manifesta con congiuntivite, scolo degli occhi e del naso, ulcere corneali, cheratite, inappetenza, tosse, febbre, difficolt\u00e0 di respirazione ed eccesso di salivazione. Nei cuccioli e negli esemplari con un sistema immunitario indebolito la rinotracheite pu\u00f2 risultare fatale.<\/p>\n\n\n\n<p><strong>Calicivirosi<\/strong><\/p>\n\n\n\n<p>Anche questa malattia, provocata da un contagiosissimo microrganismo chiamato&nbsp;<em>calicivirus<\/em>, si trasmette per contagio da secrezione e attacca le prime vie respiratorie. L\u2019infezione da calicivirus del gatto si manifesta attraverso ulcere, escoriazioni e vescicole del cavo orale, tanto dolorose da spingere il gatto a smettere di mangiare, con un conseguente indebolimento. Gli altri sintomi comprendono diarrea, letargia, salivazione eccessiva, congiuntivite, scolo nasale, starnuti e febbre. Per i cuccioli e i gatti anziani o deboli pu\u00f2 essere letale.<\/p>\n\n\n\n<p><strong>Panleucopenia<\/strong><\/p>\n\n\n\n<p>Detta anche gastroenterite virale, \u00e8 un&#8217;infezione causata dal resistentissimo&nbsp;<em>parvovirus<\/em>, che colpisce l\u2019intero organismo del gatto con sintomi che interessano soprattutto l&#8217;apparato gastrointestinale. La gastroenterite del gatto si manifesta infatti attraverso vomito, diarrea e disidratazione, oltre a febbre, inappetenza, abbattimento e indebolimento del sistema immunitario. Anche in questo caso i soggetti pi\u00f9 a rischio sono i cuccioli.<\/p>\n\n\n\n<p><strong>Vaccinazioni facoltative<\/strong><\/p>\n\n\n\n<p>In aggiunta alla trivalente, il veterinario pu\u00f2 consigliarti anche una serie di vaccinazioni facoltative utili a proteggere il tuo gatto da altre malattie, quali:<\/p>\n\n\n\n<ul class=\"wp-block-list\">\n<li><strong>la leucemia felina (FeLV),&nbsp;<\/strong>la patologia con il pi\u00f9 alto tasso di mortalit\u00e0 tra i gatti;<\/li>\n\n\n\n<li><strong>la peritonite infettiva felina&nbsp;<\/strong>(FIP);<\/li>\n\n\n\n<li><strong>la rabbia,<\/strong>&nbsp;il cui vaccino \u00e8 obbligatorio in Sardegna.<\/li>\n<\/ul>\n\n\n\n<p>Al momento non esiste alcun vaccino contro la pericolosa immunodeficienza felina (FIV).<\/p>\n\n\n\n<p><strong>Importanza dei richiami<\/strong><\/p>\n\n\n\n<p>I richiami per i vaccini del gatto sono decisivi per la loro efficacia ed \u00e8 importantissimo rispettare le scadenze tra un\u2019inoculazione e l\u2019altra. \u00c8 importante infatti sapere che un gatto appena vaccinato non \u00e8 protetto: la copertura massima ha inizio solo dopo 15 giorni dalla seconda inoculazione e, dunque, devi evitare che l\u2019animale venga a contatto con esemplari potenzialmente infetti, sia in casa che fuori. Inoltre, se salti anche un solo richiamo, sar\u00e0 necessario ricominciare l&#8217;intero protocollo.<\/p>\n","protected":false},"excerpt":{"rendered":"<p>NEL CANE Come proteggerlo da FILARIA, LEISHMANIA, PULCI E ZECCHE La stagione primaverile-estiva ci rallegra con le sue fantastiche giornate di sole e magnifiche fioriture; ma \u201cpurtroppo\u201d porta numerose insidie, &hellip; <\/p>\n","protected":false},"author":1,"featured_media":142,"parent":0,"menu_order":0,"comment_status":"closed","ping_status":"closed","template":"","meta":{"footnotes":""},"class_list":["post-90","page","type-page","status-publish","has-post-thumbnail","hentry"],"_links":{"self":[{"href":"https:\/\/lucio.fabersoft.net\/index.php?rest_route=\/wp\/v2\/pages\/90","targetHints":{"allow":["GET"]}}],"collection":[{"href":"https:\/\/lucio.fabersoft.net\/index.php?rest_route=\/wp\/v2\/pages"}],"about":[{"href":"https:\/\/lucio.fabersoft.net\/index.php?rest_route=\/wp\/v2\/types\/page"}],"author":[{"embeddable":true,"href":"https:\/\/lucio.fabersoft.net\/index.php?rest_route=\/wp\/v2\/users\/1"}],"replies":[{"embeddable":true,"href":"https:\/\/lucio.fabersoft.net\/index.php?rest_route=%2Fwp%2Fv2%2Fcomments&post=90"}],"version-history":[{"count":2,"href":"https:\/\/lucio.fabersoft.net\/index.php?rest_route=\/wp\/v2\/pages\/90\/revisions"}],"predecessor-version":[{"id":183,"href":"https:\/\/lucio.fabersoft.net\/index.php?rest_route=\/wp\/v2\/pages\/90\/revisions\/183"}],"wp:featuredmedia":[{"embeddable":true,"href":"https:\/\/lucio.fabersoft.net\/index.php?rest_route=\/wp\/v2\/media\/142"}],"wp:attachment":[{"href":"https:\/\/lucio.fabersoft.net\/index.php?rest_route=%2Fwp%2Fv2%2Fmedia&parent=90"}],"curies":[{"name":"wp","href":"https:\/\/api.w.org\/{rel}","templated":true}]}}