{"id":52,"date":"2022-12-29T16:14:00","date_gmt":"2022-12-29T15:14:00","guid":{"rendered":"https:\/\/lucio.fabersoft.net\/?page_id=52"},"modified":"2023-01-16T21:01:14","modified_gmt":"2023-01-16T20:01:14","slug":"anestesiologia","status":"publish","type":"page","link":"https:\/\/lucio.fabersoft.net\/?page_id=52","title":{"rendered":"Anestesiologia"},"content":{"rendered":"\n<div class=\"wp-block-media-text alignwide is-stacked-on-mobile\" style=\"grid-template-columns:29% auto\"><figure class=\"wp-block-media-text__media\"><img loading=\"lazy\" decoding=\"async\" width=\"576\" height=\"1024\" src=\"https:\/\/lucio.fabersoft.net\/wp-content\/uploads\/2022\/12\/image-3-576x1024.png\" alt=\"\" class=\"wp-image-73 size-full\" srcset=\"https:\/\/lucio.fabersoft.net\/wp-content\/uploads\/2022\/12\/image-3-576x1024.png 576w, https:\/\/lucio.fabersoft.net\/wp-content\/uploads\/2022\/12\/image-3-169x300.png 169w, https:\/\/lucio.fabersoft.net\/wp-content\/uploads\/2022\/12\/image-3-768x1365.png 768w, https:\/\/lucio.fabersoft.net\/wp-content\/uploads\/2022\/12\/image-3-864x1536.png 864w, https:\/\/lucio.fabersoft.net\/wp-content\/uploads\/2022\/12\/image-3-84x150.png 84w, https:\/\/lucio.fabersoft.net\/wp-content\/uploads\/2022\/12\/image-3.png 1152w\" sizes=\"auto, (max-width: 576px) 100vw, 576px\" \/><\/figure><div class=\"wp-block-media-text__content\">\n<p>L\u2019anestesia gassosa, o pi\u00f9 correttamente inalatoria, viene ormai considerata universalmente anche in campo veterinario una delle tecniche pi\u00f9 sicure per il mantenimento dell\u2019anestesia generale nel cane, nel gatto e nei nuovi animali da compagnia. <\/p>\n\n\n\n<h2 class=\"wp-block-heading\" id=\"cose-lanestesia-gassosa\">Cos\u2019\u00e8 l\u2019anestesia gassosa?<\/h2>\n\n\n\n<p>Si tratta della&nbsp;<strong>somministrazione, a livello dell\u2019apparato respiratorio<\/strong>&nbsp;del paziente, di&nbsp;<strong>vapori di anestetici volatili<\/strong>&nbsp;(cosiddetti alogenati: isofluorano, sevoflouorano, ecc.)&nbsp;<strong>miscelati ad ossigeno.<\/strong><\/p>\n<\/div><\/div>\n\n\n\n<h2 class=\"wp-block-heading\" id=\"come-avviene\">Come avviene?<\/h2>\n\n\n\n<p>Nel&nbsp;<strong>cane e nel gatto<\/strong>&nbsp;la somministrazione viene effettuata, pressoch\u00e9 sempre, attraverso l\u2019<strong>intubazione orotracheale.<\/strong><\/p>\n\n\n\n<p>L\u2019anestetico inalatorio arriva quindi attraverso le vie aeree negli alveoli polmonari e da qui passa nel sangue, attraverso il quale arriva al cervello ed esplica il proprio effetto.<\/p>\n\n\n\n<h2 class=\"wp-block-heading\" id=\"vantaggi-dellanestesia-gassosa\">Vantaggi dell\u2019anestesia gassosa<\/h2>\n\n\n\n<h3 class=\"wp-block-heading\" id=\"minor-impatto-sullorganismo\">Minor impatto sull\u2019organismo<\/h3>\n\n\n\n<p>L\u2019impatto dell\u2019<strong>anestesia gassosa<\/strong>&nbsp;sull\u2019organismo \u00e8 molto meno importante rispetto alle vecchie tecniche di anestesia veterinaria iniettabile (le tecniche moderne di anestesia iniettabile risultano invece parimenti efficaci, sicure e tollerabili).<br>Questo \u00e8 particolarmente desiderabile quando si debbano anestetizzare pazienti:<\/p>\n\n\n\n<ul class=\"wp-block-list\">\n<li>pediatrici (cuccioli)<\/li>\n\n\n\n<li>geriatrici (soggetti anziani)<\/li>\n\n\n\n<li>con patologie sistemiche (malattie croniche o comunque invalidanti)<\/li>\n\n\n\n<li>critici (come quelli che potrebbero arrivare in condizioni di&nbsp;emergenza)<\/li>\n<\/ul>\n\n\n\n<p>Nell\u2019<strong>anestesia inalatoria<\/strong>&nbsp;l\u2019<strong>assunzione e l\u2019eliminazione<\/strong>&nbsp;dell\u2019anestetico inalatorio si realizza, in gran parte,&nbsp;<strong>attraverso la respirazione.<\/strong><\/p>\n\n\n\n<p><strong>Nell\u2019anestesia iniettabile<\/strong>&nbsp;lo smaltimento avviene per intervento di&nbsp;<strong>fegato e rene.<\/strong><\/p>\n\n\n\n<h3 class=\"wp-block-heading\" id=\"miglior-maneggevolezza-e-risveglio-piu-veloce\">Miglior maneggevolezza e risveglio pi\u00f9 veloce<\/h3>\n\n\n\n<p>Il risvolto pratico pi\u00f9 importante, responsabile della sicurezza, dell\u2019affidabilit\u00e0 e della maneggevolezza della tecnica, \u00e8 che&nbsp;<strong>modificando la quantit\u00e0 di anestetico respirato<\/strong>&nbsp;si riesce, in maniera precisa, a&nbsp;<strong>variare velocemente la profondit\u00e0 dell\u2019anestesia.<br><\/strong>Quando si interrompe la somministrazione, si ha un&nbsp;<strong>risveglio pronto e veloce<\/strong>, di solito in&nbsp;<strong>15-20 minuti.<\/strong><\/p>\n\n\n\n<p>Negli interventi di routine, per esempio, dopo una mezz\u2019ora troviamo il nostro animale in piedi nel ricovero, perfettamente cosciente ed in grado di deambulare, che ci scodinzola o fa le fusa e che magari ha addirittura gi\u00e0 appetito.<\/p>\n","protected":false},"excerpt":{"rendered":"<p>L\u2019anestesia gassosa, o pi\u00f9 correttamente inalatoria, viene ormai considerata universalmente anche in campo veterinario una delle tecniche pi\u00f9 sicure per il mantenimento dell\u2019anestesia generale nel cane, nel gatto e nei &hellip; <\/p>\n","protected":false},"author":1,"featured_media":0,"parent":0,"menu_order":0,"comment_status":"closed","ping_status":"closed","template":"","meta":{"footnotes":""},"class_list":["post-52","page","type-page","status-publish","hentry"],"_links":{"self":[{"href":"https:\/\/lucio.fabersoft.net\/index.php?rest_route=\/wp\/v2\/pages\/52","targetHints":{"allow":["GET"]}}],"collection":[{"href":"https:\/\/lucio.fabersoft.net\/index.php?rest_route=\/wp\/v2\/pages"}],"about":[{"href":"https:\/\/lucio.fabersoft.net\/index.php?rest_route=\/wp\/v2\/types\/page"}],"author":[{"embeddable":true,"href":"https:\/\/lucio.fabersoft.net\/index.php?rest_route=\/wp\/v2\/users\/1"}],"replies":[{"embeddable":true,"href":"https:\/\/lucio.fabersoft.net\/index.php?rest_route=%2Fwp%2Fv2%2Fcomments&post=52"}],"version-history":[{"count":5,"href":"https:\/\/lucio.fabersoft.net\/index.php?rest_route=\/wp\/v2\/pages\/52\/revisions"}],"predecessor-version":[{"id":205,"href":"https:\/\/lucio.fabersoft.net\/index.php?rest_route=\/wp\/v2\/pages\/52\/revisions\/205"}],"wp:attachment":[{"href":"https:\/\/lucio.fabersoft.net\/index.php?rest_route=%2Fwp%2Fv2%2Fmedia&parent=52"}],"curies":[{"name":"wp","href":"https:\/\/api.w.org\/{rel}","templated":true}]}}