{"id":48,"date":"2022-12-29T16:13:19","date_gmt":"2022-12-29T15:13:19","guid":{"rendered":"https:\/\/lucio.fabersoft.net\/?page_id=48"},"modified":"2023-01-16T21:26:41","modified_gmt":"2023-01-16T20:26:41","slug":"ortopedia","status":"publish","type":"page","link":"https:\/\/lucio.fabersoft.net\/?page_id=48","title":{"rendered":"Ortopedia"},"content":{"rendered":"\n<p><strong>Ortopedia per cani e gatti<\/strong><\/p>\n\n\n\n<p>L\u2019ortopedia \u00e8 la branca della medicina e della chirurgia che cura l\u2019apparato muscolo-scheletrico. Il medico ortopedico veterinario ha il compito di valutare la funzionalit\u00e0 e la salute di: articolazioni, muscoli, tendini, ossa.<\/p>\n\n\n\n<p>Le patologie articolari sono spesso dovute ad alterazioni anatomiche congenite o ereditarie (presenti sin dalla nascita) che, se non riconosciute per tempo, possono provocare gravi sequele e dolore cronico.<\/p>\n\n\n\n<p>Ecco perch\u00e9, \u00e8 cos\u00ec importante effettuare fin da quando l\u2019animale \u00e8 cucciolo una visita ortopedica specialistica. Questa, insieme alla visita fisiatrica, sar\u00e0 in grado di porre in evidenza precocemente problemi che, presi per tempo, possono essere risolti.<\/p>\n","protected":false},"excerpt":{"rendered":"<p>Ortopedia per cani e gatti L\u2019ortopedia \u00e8 la branca della medicina e della chirurgia che cura l\u2019apparato muscolo-scheletrico. Il medico ortopedico veterinario ha il compito di valutare la funzionalit\u00e0 e &hellip; <\/p>\n","protected":false},"author":1,"featured_media":210,"parent":0,"menu_order":0,"comment_status":"closed","ping_status":"closed","template":"","meta":{"footnotes":""},"class_list":["post-48","page","type-page","status-publish","has-post-thumbnail","hentry"],"_links":{"self":[{"href":"https:\/\/lucio.fabersoft.net\/index.php?rest_route=\/wp\/v2\/pages\/48","targetHints":{"allow":["GET"]}}],"collection":[{"href":"https:\/\/lucio.fabersoft.net\/index.php?rest_route=\/wp\/v2\/pages"}],"about":[{"href":"https:\/\/lucio.fabersoft.net\/index.php?rest_route=\/wp\/v2\/types\/page"}],"author":[{"embeddable":true,"href":"https:\/\/lucio.fabersoft.net\/index.php?rest_route=\/wp\/v2\/users\/1"}],"replies":[{"embeddable":true,"href":"https:\/\/lucio.fabersoft.net\/index.php?rest_route=%2Fwp%2Fv2%2Fcomments&post=48"}],"version-history":[{"count":2,"href":"https:\/\/lucio.fabersoft.net\/index.php?rest_route=\/wp\/v2\/pages\/48\/revisions"}],"predecessor-version":[{"id":194,"href":"https:\/\/lucio.fabersoft.net\/index.php?rest_route=\/wp\/v2\/pages\/48\/revisions\/194"}],"wp:featuredmedia":[{"embeddable":true,"href":"https:\/\/lucio.fabersoft.net\/index.php?rest_route=\/wp\/v2\/media\/210"}],"wp:attachment":[{"href":"https:\/\/lucio.fabersoft.net\/index.php?rest_route=%2Fwp%2Fv2%2Fmedia&parent=48"}],"curies":[{"name":"wp","href":"https:\/\/api.w.org\/{rel}","templated":true}]}}