{"id":44,"date":"2022-12-29T16:12:12","date_gmt":"2022-12-29T15:12:12","guid":{"rendered":"https:\/\/lucio.fabersoft.net\/?page_id=44"},"modified":"2023-01-16T21:32:40","modified_gmt":"2023-01-16T20:32:40","slug":"radiologico-diretto","status":"publish","type":"page","link":"https:\/\/lucio.fabersoft.net\/?page_id=44","title":{"rendered":"Radiologico Diretto"},"content":{"rendered":"\n<figure class=\"wp-block-image size-full is-resized is-style-rounded\"><img loading=\"lazy\" decoding=\"async\" src=\"https:\/\/lucio.fabersoft.net\/wp-content\/uploads\/2022\/12\/image-4.png\" alt=\"\" class=\"wp-image-98\" width=\"768\" height=\"452\" srcset=\"https:\/\/lucio.fabersoft.net\/wp-content\/uploads\/2022\/12\/image-4.png 1024w, https:\/\/lucio.fabersoft.net\/wp-content\/uploads\/2022\/12\/image-4-300x176.png 300w, https:\/\/lucio.fabersoft.net\/wp-content\/uploads\/2022\/12\/image-4-768x452.png 768w, https:\/\/lucio.fabersoft.net\/wp-content\/uploads\/2022\/12\/image-4-150x88.png 150w\" sizes=\"auto, (max-width: 768px) 100vw, 768px\" \/><\/figure>\n\n\n\n<p>La radiologia digitale \u00e8 una moderna tecnologia di acquisizione delle immagini RX. I valori generati a fine esposizione si trasformano in pixel che sono inviati alla fibra ottica del computer, che li trasforma immediatamente in immagine. Questo esame permette di avere un\u2019ottima risoluzione perch\u00e9 gli elettroni generati dai Raggi X hanno bassissima diffusione laterale e questo permette di indagare con pi\u00f9 precisione eventuali problemi rispetto la radiologia analogica, fornendo cos\u00ec diagnosi pi\u00f9 accurate.<\/p>\n\n\n\n<p>Lavoriamo con un&#8217;apparecchiatura estremamente complessa ma, principalmente, al servizio del paziente.<\/p>\n\n\n\n<h3 class=\"wp-block-heading\">Vantaggi<\/h3>\n\n\n\n<p>L\u2019immagine radiografica digitale permette di avere una risoluzione spaziale migliore rispetto a quella tradizionale, in quanto riesce a catturare un numero di pixel maggiore e quindi ad ottenere immagini pi\u00f9 dettagliate, evitando ripetizioni di esami. Oltre ad avere immagini pi\u00f9 nitide e meno errori, la radiologia digitale riduce fino al 30-35% l\u2019esposizione del paziente alle radiazioni dei Raggi X, con una notevole riduzione dei tempi, immagini immediatamente disponibili e la possibilit\u00e0 di avere consulti medici anche non diretti grazie alla possibilit\u00e0 di stampare l&#8217;immagine su pellicola ed anche archiviare digitalmente l\u2019esame.<\/p>\n\n\n\n<p>Le immagini generate da una radiografia digitale, inoltre, hanno un range dinamico pi\u00f9 ampio: nella radiografia tradizionale, gli errori in fase di esposizione possono determinare ulteriori errori nella formazione di radiogrammi, che possono risultare sovra o sottoesposti. Le immagini radiografiche digitali, invece, possono essere regolate e vi \u00e8 la possibilit\u00e0 di correggere gli errori per ottenere immagini accurate per la diagnosi.<\/p>\n","protected":false},"excerpt":{"rendered":"<p>La radiologia digitale \u00e8 una moderna tecnologia di acquisizione delle immagini RX. I valori generati a fine esposizione si trasformano in pixel che sono inviati alla fibra ottica del computer, &hellip; <\/p>\n","protected":false},"author":2,"featured_media":98,"parent":0,"menu_order":0,"comment_status":"closed","ping_status":"closed","template":"","meta":{"footnotes":""},"class_list":["post-44","page","type-page","status-publish","has-post-thumbnail","hentry"],"_links":{"self":[{"href":"https:\/\/lucio.fabersoft.net\/index.php?rest_route=\/wp\/v2\/pages\/44","targetHints":{"allow":["GET"]}}],"collection":[{"href":"https:\/\/lucio.fabersoft.net\/index.php?rest_route=\/wp\/v2\/pages"}],"about":[{"href":"https:\/\/lucio.fabersoft.net\/index.php?rest_route=\/wp\/v2\/types\/page"}],"author":[{"embeddable":true,"href":"https:\/\/lucio.fabersoft.net\/index.php?rest_route=\/wp\/v2\/users\/2"}],"replies":[{"embeddable":true,"href":"https:\/\/lucio.fabersoft.net\/index.php?rest_route=%2Fwp%2Fv2%2Fcomments&post=44"}],"version-history":[{"count":6,"href":"https:\/\/lucio.fabersoft.net\/index.php?rest_route=\/wp\/v2\/pages\/44\/revisions"}],"predecessor-version":[{"id":212,"href":"https:\/\/lucio.fabersoft.net\/index.php?rest_route=\/wp\/v2\/pages\/44\/revisions\/212"}],"wp:featuredmedia":[{"embeddable":true,"href":"https:\/\/lucio.fabersoft.net\/index.php?rest_route=\/wp\/v2\/media\/98"}],"wp:attachment":[{"href":"https:\/\/lucio.fabersoft.net\/index.php?rest_route=%2Fwp%2Fv2%2Fmedia&parent=44"}],"curies":[{"name":"wp","href":"https:\/\/api.w.org\/{rel}","templated":true}]}}