{"id":196,"date":"2022-12-30T16:24:48","date_gmt":"2022-12-30T15:24:48","guid":{"rendered":"https:\/\/lucio.fabersoft.net\/?page_id=196"},"modified":"2022-12-30T16:27:01","modified_gmt":"2022-12-30T15:27:01","slug":"chi-siamo-2","status":"publish","type":"page","link":"https:\/\/lucio.fabersoft.net\/?page_id=196","title":{"rendered":"Chi siamo"},"content":{"rendered":"\n<p>L\u2019 Ambulatorio Veterinario Domizi-Simonetti nasce a Tolentino nel 2010, con la finalit\u00e0 di offrire servizio qualificato e completo, capace di rispondere prontamente alle pi\u00f9 disparate problematiche del cane e del gatto.<br>E composta da uno staff medico affiatato, preparato a fronteggiare le urgenze mediche e chirurgiche del cane e del gatto.<br>Crediamo che i nostri pazienti meritino le cure migliori possibili e per questo continuiamo a investire in risorse tecnologiche, aggiornamento professionale, e ci affidiamo alla collaborazione dei migliori specialisti italiani per ecografie e chirurgia ortopedica<br>Siamo da sempre una struttura aperta alla formazione e nel corso degli anni abbiamo contribuito a formare decine di medici veterinari e tecnici veterinari collaborando con alcune universit\u00e0<br>Grazie ad un approccio multidisciplinare, allo scambio d\u2019informazioni ed al confronto tra pi\u00f9 professionisti si riescono a massimizzare i risultati con indiscutibile vantaggio per il paziente.<br>Una delle nostre priorit\u00e0 \u00e8 fornire ai nostri clienti e ai nostri pazienti un servizio medico veterinario di qualit\u00e0, in un ambiente confortevole.<br>Vi offriamo i pi\u00f9 recenti protocolli terapeutici e le pi\u00f9 recenti tecnologie diagnostiche per la cura ed il benessere dei vostri Animali da Compagnia.<br>Anche noi siamo proprietari di Animali da compagnia e ben sappiamo quanto siano importanti e come in breve tempo diventano membri della famiglia e come tali , anche noi desideriamo il meglio per loro.<\/p>\n","protected":false},"excerpt":{"rendered":"<p>L\u2019 Ambulatorio Veterinario Domizi-Simonetti nasce a Tolentino nel 2010, con la finalit\u00e0 di offrire servizio qualificato e completo, capace di rispondere prontamente alle pi\u00f9 disparate problematiche del cane e del &hellip; <\/p>\n","protected":false},"author":1,"featured_media":132,"parent":0,"menu_order":0,"comment_status":"closed","ping_status":"closed","template":"","meta":{"footnotes":""},"class_list":["post-196","page","type-page","status-publish","has-post-thumbnail","hentry"],"_links":{"self":[{"href":"https:\/\/lucio.fabersoft.net\/index.php?rest_route=\/wp\/v2\/pages\/196","targetHints":{"allow":["GET"]}}],"collection":[{"href":"https:\/\/lucio.fabersoft.net\/index.php?rest_route=\/wp\/v2\/pages"}],"about":[{"href":"https:\/\/lucio.fabersoft.net\/index.php?rest_route=\/wp\/v2\/types\/page"}],"author":[{"embeddable":true,"href":"https:\/\/lucio.fabersoft.net\/index.php?rest_route=\/wp\/v2\/users\/1"}],"replies":[{"embeddable":true,"href":"https:\/\/lucio.fabersoft.net\/index.php?rest_route=%2Fwp%2Fv2%2Fcomments&post=196"}],"version-history":[{"count":1,"href":"https:\/\/lucio.fabersoft.net\/index.php?rest_route=\/wp\/v2\/pages\/196\/revisions"}],"predecessor-version":[{"id":197,"href":"https:\/\/lucio.fabersoft.net\/index.php?rest_route=\/wp\/v2\/pages\/196\/revisions\/197"}],"wp:featuredmedia":[{"embeddable":true,"href":"https:\/\/lucio.fabersoft.net\/index.php?rest_route=\/wp\/v2\/media\/132"}],"wp:attachment":[{"href":"https:\/\/lucio.fabersoft.net\/index.php?rest_route=%2Fwp%2Fv2%2Fmedia&parent=196"}],"curies":[{"name":"wp","href":"https:\/\/api.w.org\/{rel}","templated":true}]}}